{"id":46,"date":"2024-01-30T09:40:25","date_gmt":"2024-01-30T09:40:25","guid":{"rendered":"https:\/\/Gutus.digbizmistelbach.info\/?page_id=46"},"modified":"2024-02-13T09:59:04","modified_gmt":"2024-02-13T09:59:04","slug":"kakao","status":"publish","type":"page","link":"https:\/\/Gutus.digbizmistelbach.info\/?page_id=46","title":{"rendered":"Kakao"},"content":{"rendered":"\n<p>Kakao wird aus den Samen des Kakaobaums gewonnen. Nach der Ernte und Verarbeitung entstehen Kakaobutter und Kakaopulver. Diese bilden die Basis f\u00fcr Schokolade. Kakao ist enth\u00e4lt viele N\u00e4hrstoffe und Antioxidantien.<\/p>\n\n\n\n<h2 class=\"wp-block-heading\">Herstellung<\/h2>\n\n\n\n<p>Die Herstellung von Kakao beginnt mit den Fr\u00fcchten des Kakaobaums, aus denen nach der Ernte die Kakaobohnen gewonnen werden. Diese Bohnen werden fermentiert, getrocknet und anschlie\u00dfend ger\u00f6stet. Nach dem R\u00f6sten werden sie gemahlen, um Kakaomasse zu erhalten. Diese Masse wird weiterverarbeitet, um Kakaobutter und Kakaopulver zu gewinnen. In der Schokoladenproduktion werden diese Zutaten gemischt, durch Conchiermaschinen ger\u00fchrt, temperiert und in Formen gegossen, um Schokolade herzustellen.<\/p>\n\n\n\n<h2 class=\"wp-block-heading\">Umwelt und Nachhaltigkeit<\/h2>\n\n\n\n<p>Umweltfreundliche Anbaumethoden und die Vermeidung von Abholzung sind wichtig f\u00fcr die Umwelt. Faire L\u00f6hne, verbesserte Arbeitsbedingungen und Schutz von Kinderrechten im sozialen Bereich. Wirtschaftlich profitiert die lokale Gemeinschaft durch gerechtere Handelspraktiken. Zertifizierungen wie Fair Trade und Rainforest Alliance best\u00e4tigen die Nachhaltigkeit im Kakaoanbau.<\/p>\n\n\n\n<h2 class=\"wp-block-heading\">Sorten<\/h2>\n\n\n\n<div class=\"wp-block-cover animated backInUp delay-200ms\"><span aria-hidden=\"true\" class=\"wp-block-cover__background has-background-dim\"><\/span><img loading=\"lazy\" decoding=\"async\" width=\"1024\" height=\"768\" class=\"wp-block-cover__image-background wp-image-92\" alt=\"\" src=\"https:\/\/Gutus.digbizmistelbach.info\/wp-content\/uploads\/2024\/01\/Foratello-1024x768.png\" data-object-fit=\"cover\" srcset=\"https:\/\/Gutus.digbizmistelbach.info\/wp-content\/uploads\/2024\/01\/Foratello-1024x768.png 1024w, https:\/\/Gutus.digbizmistelbach.info\/wp-content\/uploads\/2024\/01\/Foratello-300x225.png 300w, https:\/\/Gutus.digbizmistelbach.info\/wp-content\/uploads\/2024\/01\/Foratello.png 2000w\" sizes=\"auto, (max-width: 1024px) 100vw, 1024px\" \/><div class=\"wp-block-cover__inner-container is-layout-flow wp-block-cover-is-layout-flow\">\n<h3 class=\"wp-block-heading\" style=\"margin-top:0;margin-bottom:0\">Forastero<\/h3>\n\n\n\n<figure class=\"wp-block-pullquote\"><blockquote><p>Forastero ist eine robuste Kakaosorte mit kr\u00e4ftigem Geschmack und einem h\u00f6heren S\u00e4uregehalt im Vergleich zu Criollo, h\u00e4ufig in der Schokoladenproduktion verwendet.<\/p><\/blockquote><\/figure>\n<\/div><\/div>\n\n\n\n<div style=\"height:44px\" aria-hidden=\"true\" class=\"wp-block-spacer\"><\/div>\n\n\n\n<div class=\"wp-block-cover animated backInUp\" style=\"min-height:430px;aspect-ratio:unset;\"><span aria-hidden=\"true\" class=\"wp-block-cover__background has-background-dim\"><\/span><img loading=\"lazy\" decoding=\"async\" width=\"1024\" height=\"1008\" class=\"wp-block-cover__image-background wp-image-93\" alt=\"\" src=\"https:\/\/Gutus.digbizmistelbach.info\/wp-content\/uploads\/2024\/01\/criollo-1024x1008.png\" style=\"object-position:42% 0%\" data-object-fit=\"cover\" data-object-position=\"42% 0%\" srcset=\"https:\/\/Gutus.digbizmistelbach.info\/wp-content\/uploads\/2024\/01\/criollo-1024x1008.png 1024w, https:\/\/Gutus.digbizmistelbach.info\/wp-content\/uploads\/2024\/01\/criollo-300x295.png 300w, https:\/\/Gutus.digbizmistelbach.info\/wp-content\/uploads\/2024\/01\/criollo.png 2000w\" sizes=\"auto, (max-width: 1024px) 100vw, 1024px\" \/><div class=\"wp-block-cover__inner-container is-layout-flow wp-block-cover-is-layout-flow\">\n<h3 class=\"wp-block-heading\">Criollo<\/h3>\n\n\n\n<figure class=\"wp-block-pullquote\"><blockquote><p>Criollo ist eine hochwertige Kakaosorte mit feiner Aromatik und geringem S\u00e4uregehalt, die oft f\u00fcr die Herstellung von erstklassiger Schokolade verwendet wird.<\/p><\/blockquote><\/figure>\n<\/div><\/div>\n\n\n\n<div style=\"height:44px\" aria-hidden=\"true\" class=\"wp-block-spacer\"><\/div>\n\n\n\n<div class=\"wp-block-cover animated backInUp\"><span aria-hidden=\"true\" class=\"wp-block-cover__background has-background-dim\"><\/span><img loading=\"lazy\" decoding=\"async\" width=\"1024\" height=\"682\" class=\"wp-block-cover__image-background wp-image-94\" alt=\"\" src=\"https:\/\/Gutus.digbizmistelbach.info\/wp-content\/uploads\/2024\/01\/Trinitario-1024x682.png\" style=\"object-position:0% 52%\" data-object-fit=\"cover\" data-object-position=\"0% 52%\" srcset=\"https:\/\/Gutus.digbizmistelbach.info\/wp-content\/uploads\/2024\/01\/Trinitario-1024x682.png 1024w, https:\/\/Gutus.digbizmistelbach.info\/wp-content\/uploads\/2024\/01\/Trinitario-300x200.png 300w, https:\/\/Gutus.digbizmistelbach.info\/wp-content\/uploads\/2024\/01\/Trinitario.png 2000w\" sizes=\"auto, (max-width: 1024px) 100vw, 1024px\" \/><div class=\"wp-block-cover__inner-container is-layout-flow wp-block-cover-is-layout-flow\">\n<h3 class=\"wp-block-heading\">Trinitario<\/h3>\n\n\n\n<figure class=\"wp-block-pullquote\"><blockquote><p>Trinitario ist eine Kreuzung zwischen Criollo und Forastero Kakaosorten, bekannt f\u00fcr eine ausgewogene Aromatik.<\/p><\/blockquote><\/figure>\n<\/div><\/div>\n\n\n\n<div style=\"height:44px\" aria-hidden=\"true\" class=\"wp-block-spacer\"><\/div>\n","protected":false},"excerpt":{"rendered":"<p>Kakao wird aus den Samen des Kakaobaums gewonnen. Nach der Ernte und Verarbeitung entstehen Kakaobutter und Kakaopulver. Diese bilden die Basis f\u00fcr Schokolade. Kakao ist enth\u00e4lt viele N\u00e4hrstoffe und Antioxidantien. Herstellung Die Herstellung von Kakao beginnt mit den Fr\u00fcchten des Kakaobaums, aus denen nach der Ernte die Kakaobohnen gewonnen werden. Diese Bohnen werden fermentiert, getrocknet &hellip; <\/p>\n<p class=\"link-more\"><a href=\"https:\/\/Gutus.digbizmistelbach.info\/?page_id=46\" class=\"more-link\">Mehr <span class=\"screen-reader-text\">\u00fcber &#8222;Kakao&#8220; <\/span>Lesen<\/a><\/p>\n","protected":false},"author":1,"featured_media":0,"parent":0,"menu_order":0,"comment_status":"closed","ping_status":"closed","template":"","meta":{"footnotes":""},"class_list":["post-46","page","type-page","status-publish","hentry"],"_links":{"self":[{"href":"https:\/\/Gutus.digbizmistelbach.info\/index.php?rest_route=\/wp\/v2\/pages\/46","targetHints":{"allow":["GET"]}}],"collection":[{"href":"https:\/\/Gutus.digbizmistelbach.info\/index.php?rest_route=\/wp\/v2\/pages"}],"about":[{"href":"https:\/\/Gutus.digbizmistelbach.info\/index.php?rest_route=\/wp\/v2\/types\/page"}],"author":[{"embeddable":true,"href":"https:\/\/Gutus.digbizmistelbach.info\/index.php?rest_route=\/wp\/v2\/users\/1"}],"replies":[{"embeddable":true,"href":"https:\/\/Gutus.digbizmistelbach.info\/index.php?rest_route=%2Fwp%2Fv2%2Fcomments&post=46"}],"version-history":[{"count":4,"href":"https:\/\/Gutus.digbizmistelbach.info\/index.php?rest_route=\/wp\/v2\/pages\/46\/revisions"}],"predecessor-version":[{"id":149,"href":"https:\/\/Gutus.digbizmistelbach.info\/index.php?rest_route=\/wp\/v2\/pages\/46\/revisions\/149"}],"wp:attachment":[{"href":"https:\/\/Gutus.digbizmistelbach.info\/index.php?rest_route=%2Fwp%2Fv2%2Fmedia&parent=46"}],"curies":[{"name":"wp","href":"https:\/\/api.w.org\/{rel}","templated":true}]}}