{"id":73,"date":"2024-01-30T10:33:14","date_gmt":"2024-01-30T10:33:14","guid":{"rendered":"https:\/\/Gutus.digbizmistelbach.info\/?page_id=73"},"modified":"2024-02-16T10:50:34","modified_gmt":"2024-02-16T10:50:34","slug":"tee","status":"publish","type":"page","link":"https:\/\/Gutus.digbizmistelbach.info\/?page_id=73","title":{"rendered":"Tee"},"content":{"rendered":"\n<p>Tee ist ein Getr\u00e4nk, das mit der Teepflanze (Camellia sinensis) hergestellt wird. Es gibt verschiedene Sorten von Tee, abh\u00e4ngig von der Art der Teepflanze und der Verarbeitung der Bl\u00e4tter. Die vier Haupttypen sind Gr\u00fcner Tee, Schwarzer Tee, Oolong Tee und Wei\u00dfer Tee.<\/p>\n\n\n\n<h2 class=\"wp-block-heading\">Herstellung<\/h2>\n\n\n\n<p>Tee wird durch Ernten, Trocknen und Verarbeiten von Teebl\u00e4ttern der Teepflanze hergestellt. Je nach Sorte werden die Bl\u00e4tter gerollt, fermentiert oder auf andere Weise behandelt. Die Zubereitung erfolgt durch Aufbr\u00fchen der Bl\u00e4tter in hei\u00dfem Wasser, wobei die Ziehzeit den Geschmack beeinflusst. Der Teeherstellungsprozess betont die nat\u00fcrlichen Aromen der Bl\u00e4tter.<\/p>\n\n\n\n<h2 class=\"wp-block-heading\">Umwelt und Nachhaltigkeit<\/h2>\n\n\n\n<p>Der Teeanbau umfasst umweltfreundliche Anbaumethoden, wie biologischen Anbau und Agroforstwirtschaft, um Biodiversit\u00e4t zu sch\u00fctzen. Faire L\u00f6hne, sichere Arbeitsbedingungen und Gemeinschaftsunterst\u00fctzung f\u00fcr Teearbeiter werden gef\u00f6rdert. Auch der Teeanbau ist von Fair Trade zertifziert.<\/p>\n\n\n\n<h2 class=\"wp-block-heading\">Sorten<\/h2>\n\n\n\n<div class=\"wp-block-cover animated backInUp delay-200ms\"><span aria-hidden=\"true\" class=\"wp-block-cover__background has-background-dim\"><\/span><img loading=\"lazy\" decoding=\"async\" width=\"1024\" height=\"1024\" class=\"wp-block-cover__image-background wp-image-79\" alt=\"\" src=\"https:\/\/Gutus.digbizmistelbach.info\/wp-content\/uploads\/2024\/01\/schwarzertee-1024x1024.png\" style=\"object-position:0% 30%\" data-object-fit=\"cover\" data-object-position=\"0% 30%\" srcset=\"https:\/\/Gutus.digbizmistelbach.info\/wp-content\/uploads\/2024\/01\/schwarzertee-1024x1024.png 1024w, https:\/\/Gutus.digbizmistelbach.info\/wp-content\/uploads\/2024\/01\/schwarzertee-300x300.png 300w, https:\/\/Gutus.digbizmistelbach.info\/wp-content\/uploads\/2024\/01\/schwarzertee-150x150.png 150w, https:\/\/Gutus.digbizmistelbach.info\/wp-content\/uploads\/2024\/01\/schwarzertee.png 2000w\" sizes=\"auto, (max-width: 1024px) 100vw, 1024px\" \/><div class=\"wp-block-cover__inner-container is-layout-flow wp-block-cover-is-layout-flow\">\n<h3 class=\"wp-block-heading\">Schwarzer Tee<\/h3>\n\n\n\n<figure class=\"wp-block-pullquote\"><blockquote><p>Schwarzer Tee ist ein vollmundiger, oxidierter Tee mit kr\u00e4ftigem Geschmack und dunkler Farbe.<\/p><\/blockquote><\/figure>\n<\/div><\/div>\n\n\n\n<div style=\"height:44px\" aria-hidden=\"true\" class=\"wp-block-spacer\"><\/div>\n\n\n\n<div class=\"wp-block-cover animated backInUp\"><span aria-hidden=\"true\" class=\"wp-block-cover__background has-background-dim\"><\/span><img loading=\"lazy\" decoding=\"async\" width=\"1024\" height=\"576\" class=\"wp-block-cover__image-background wp-image-80\" alt=\"\" src=\"https:\/\/Gutus.digbizmistelbach.info\/wp-content\/uploads\/2024\/01\/gruenertee-1024x576.png\" data-object-fit=\"cover\" srcset=\"https:\/\/Gutus.digbizmistelbach.info\/wp-content\/uploads\/2024\/01\/gruenertee-1024x576.png 1024w, https:\/\/Gutus.digbizmistelbach.info\/wp-content\/uploads\/2024\/01\/gruenertee-300x169.png 300w, https:\/\/Gutus.digbizmistelbach.info\/wp-content\/uploads\/2024\/01\/gruenertee-600x338.png 600w, https:\/\/Gutus.digbizmistelbach.info\/wp-content\/uploads\/2024\/01\/gruenertee.png 2000w\" sizes=\"auto, (max-width: 1024px) 100vw, 1024px\" \/><div class=\"wp-block-cover__inner-container is-layout-flow wp-block-cover-is-layout-flow\">\n<h3 class=\"wp-block-heading\">Gr\u00fcner Tee<\/h3>\n\n\n\n<figure class=\"wp-block-pullquote\"><blockquote><p>Gr\u00fcner Tee ist ein unoxidierter Tee mit frischem Geschmack und hohem Gehalt an Antioxidantien.<\/p><\/blockquote><\/figure>\n<\/div><\/div>\n\n\n\n<div style=\"height:44px\" aria-hidden=\"true\" class=\"wp-block-spacer\"><\/div>\n\n\n\n<div class=\"wp-block-cover animated backInUp\"><span aria-hidden=\"true\" class=\"wp-block-cover__background has-background-dim\"><\/span><img loading=\"lazy\" decoding=\"async\" width=\"1024\" height=\"686\" class=\"wp-block-cover__image-background wp-image-81\" alt=\"\" src=\"https:\/\/Gutus.digbizmistelbach.info\/wp-content\/uploads\/2024\/01\/fruechtetee-1024x686.png\" data-object-fit=\"cover\" srcset=\"https:\/\/Gutus.digbizmistelbach.info\/wp-content\/uploads\/2024\/01\/fruechtetee-1024x686.png 1024w, https:\/\/Gutus.digbizmistelbach.info\/wp-content\/uploads\/2024\/01\/fruechtetee-300x201.png 300w, https:\/\/Gutus.digbizmistelbach.info\/wp-content\/uploads\/2024\/01\/fruechtetee.png 2000w\" sizes=\"auto, (max-width: 1024px) 100vw, 1024px\" \/><div class=\"wp-block-cover__inner-container is-layout-flow wp-block-cover-is-layout-flow\">\n<h3 class=\"wp-block-heading\">Fr\u00fcchtetee<\/h3>\n\n\n\n<figure class=\"wp-block-pullquote\"><blockquote><p>Fr\u00fcchtetee ist eine aromatische Mischung aus getrockneten Fr\u00fcchten und Kr\u00e4utern, ohne Teepflanzenbl\u00e4tter, und zeichnet sich durch s\u00fc\u00dfe und fruchtige Noten aus.<\/p><\/blockquote><\/figure>\n<\/div><\/div>\n\n\n\n<div style=\"height:44px\" aria-hidden=\"true\" class=\"wp-block-spacer\"><\/div>\n","protected":false},"excerpt":{"rendered":"<p>Tee ist ein Getr\u00e4nk, das mit der Teepflanze (Camellia sinensis) hergestellt wird. Es gibt verschiedene Sorten von Tee, abh\u00e4ngig von der Art der Teepflanze und der Verarbeitung der Bl\u00e4tter. Die vier Haupttypen sind Gr\u00fcner Tee, Schwarzer Tee, Oolong Tee und Wei\u00dfer Tee. Herstellung Tee wird durch Ernten, Trocknen und Verarbeiten von Teebl\u00e4ttern der Teepflanze hergestellt. &hellip; <\/p>\n<p class=\"link-more\"><a href=\"https:\/\/Gutus.digbizmistelbach.info\/?page_id=73\" class=\"more-link\">Mehr <span class=\"screen-reader-text\">\u00fcber &#8222;Tee&#8220; <\/span>Lesen<\/a><\/p>\n","protected":false},"author":1,"featured_media":0,"parent":0,"menu_order":0,"comment_status":"closed","ping_status":"closed","template":"","meta":{"footnotes":""},"class_list":["post-73","page","type-page","status-publish","hentry"],"_links":{"self":[{"href":"https:\/\/Gutus.digbizmistelbach.info\/index.php?rest_route=\/wp\/v2\/pages\/73","targetHints":{"allow":["GET"]}}],"collection":[{"href":"https:\/\/Gutus.digbizmistelbach.info\/index.php?rest_route=\/wp\/v2\/pages"}],"about":[{"href":"https:\/\/Gutus.digbizmistelbach.info\/index.php?rest_route=\/wp\/v2\/types\/page"}],"author":[{"embeddable":true,"href":"https:\/\/Gutus.digbizmistelbach.info\/index.php?rest_route=\/wp\/v2\/users\/1"}],"replies":[{"embeddable":true,"href":"https:\/\/Gutus.digbizmistelbach.info\/index.php?rest_route=%2Fwp%2Fv2%2Fcomments&post=73"}],"version-history":[{"count":6,"href":"https:\/\/Gutus.digbizmistelbach.info\/index.php?rest_route=\/wp\/v2\/pages\/73\/revisions"}],"predecessor-version":[{"id":150,"href":"https:\/\/Gutus.digbizmistelbach.info\/index.php?rest_route=\/wp\/v2\/pages\/73\/revisions\/150"}],"wp:attachment":[{"href":"https:\/\/Gutus.digbizmistelbach.info\/index.php?rest_route=%2Fwp%2Fv2%2Fmedia&parent=73"}],"curies":[{"name":"wp","href":"https:\/\/api.w.org\/{rel}","templated":true}]}}